{"id":135,"date":"2017-06-12T16:52:59","date_gmt":"2017-06-12T14:52:59","guid":{"rendered":"https:\/\/hiedler.at\/?page_id=135"},"modified":"2017-09-14T20:30:47","modified_gmt":"2017-09-14T18:30:47","slug":"agb","status":"publish","type":"page","link":"https:\/\/hiedler.at\/en\/agb\/","title":{"rendered":"Terms of use"},"content":{"rendered":"<div id=\"pl-135\"  class=\"panel-layout\" ><div id=\"pg-135-0\"  class=\"panel-grid panel-no-style\" ><div id=\"pgc-135-0-0\"  class=\"panel-grid-cell\" ><div id=\"panel-135-0-0-0\" class=\"so-panel widget widget_black-studio-tinymce cis-tinymce panel-first-child panel-last-child\" data-index=\"0\" ><div class=\"padding-up-small padding-down-big standard-500 panel-widget-style panel-widget-style-for-135-0-0-0\" ><div class=\"nw-container  nw-editor-container clearfix\" style=\"\" ><div class=\"nw-container-inner nw-editor-container-inner\"><!-- plain: this is a plain text widget or the callback was not found --><p style=\"text-align: center;\">Ihr Vertragspartner ist die<\/p><p style=\"text-align: center;\">Weingut Hiedler GmbH<br \/> Am Rosenh\u00fcgel 13<br \/> 3550 Langenlois<\/p><h3>\u00a0<\/h3><h3 style=\"text-align: center;\">Geltung<\/h3><p style=\"text-align: center;\">Diese Allgemeinen Gesch\u00e4ftsbedingungen (\u201eAGB\u201c) gelten f\u00fcr die Bestellung &amp; Lieferung von Waren aus dem in unserem Onlineshop angebotenen Warensortiment.<\/p><h3>\u00a0<\/h3><h3 style=\"text-align: center;\">Vertragsschluss<\/h3><p style=\"text-align: center;\">Durch Klicken auf den Button \u201eBESTELLEN\u201c geben Sie ein verbindliches Angebot zum Kauf der im Warenkorb befindlichen Waren ab und akzeptieren die Allgemeinen Gesch\u00e4ftsbedingungen. Unsere daraufhin versendeten automatischen Bestelleingangsbest\u00e4tigungen dokumentieren, dass Ihre Bestellung bei uns eingegangen ist, stellen aber noch keine Annahme Ihres Angebots dar. Ein Vertrag kommt erst durch unsere ausdr\u00fcckliche Annahmeerkl\u00e4rung, die wir mit einer gesonderten E-Mail versenden, oder durch Versendung der Ware zustande. Sie sind verpflichtet, die im Bestellformular vorgesehenen Felder (bzw. Angaben) vollst\u00e4ndig und wahrheitsgem\u00e4\u00df auszuf\u00fcllen (zu machen).<\/p><h3>\u00a0<\/h3><h3 style=\"text-align: center;\">Warenverf\u00fcgbarkeit<\/h3><p style=\"text-align: center;\">Ist zum Zeitpunkt der Bestellung die von Ihnen bestellte Ware kurzfristig nicht verf\u00fcgbar, teilen wir Ihnen dies mit. Ist die Ware dauerhaft nicht lieferbar, kommt kein Vertrag zustande; hier\u00fcber werden wir Sie informieren.<\/p><h3>\u00a0<\/h3><h3 style=\"text-align: center;\">Versandkosten und Lieferung<\/h3><p style=\"text-align: center;\">Die Lieferung erfolgt auf Kosten von Weingut Hiedler GmbH innerhalb \u00d6sterreichs an die vom Kunden bei der Bestellung zu nennenden Lieferadresse innerhalb \u00d6sterreich. Die Lieferungen erfolgt \u2013 sofern nichts anderes individuell vereinbart worden ist \u2013 nach Eingang der Zahlung auf dem Konto von Weingut Hiedler GmbH oder nach Best\u00e4tigung der Zahlung durch das jeweilige Kreditkartenunternehmen. Die Lieferung erfolgt in der Regel innerhalb von 3 Werktagen nach Eingang der f\u00e4lligen Zahlung.<br \/> Zurzeit liefern wir nur innerhalb \u00d6sterreichs.<\/p><h3>\u00a0<\/h3><h3 style=\"text-align: center;\">Zahlung<\/h3><p style=\"text-align: center;\">Alle Preise in unserem Online Shop sind in [Euro] und verstehen sich einschlie\u00dflich der jeweils g\u00fcltigen gesetzlichen Umsatzsteuer. Verpackungs- und Versandkosten werden, sofern solche anfallen, gesondert berechnet und ausgewiesen.<br \/> Ihnen steht die beim Abschluss des Bestellprozesses angezeigte Zahlart zur Verf\u00fcgung.<br \/> Eine allf\u00e4llige R\u00fcckerstattung von Ihnen geleisteter Zahlungen erfolgt auf jenes Zahlungsmittel, welches Sie bei Ihrer Bestellung verwendet haben.<\/p><h3>\u00a0<\/h3><h3 style=\"text-align: center;\">Eigentumsvorbehalt<\/h3><p style=\"text-align: center;\">Bis zur vollst\u00e4ndigen Bezahlung verbleibt die gelieferte Ware in unserem Eigentum.<\/p><h3>\u00a0<\/h3><h3 style=\"text-align: center;\">Gerichtsstand<\/h3><p style=\"text-align: center;\">Gerichtsstand ist Krems\/Donau.<\/p><h3>\u00a0<\/h3><h3 style=\"text-align: center;\">R\u00fccktrittsrecht (Widerrufsrecht)<\/h3><p style=\"text-align: center;\">Sie haben das Recht, binnen 14 Tagen ohne Angabe von Gr\u00fcnden diesen Vertrag zu widerrufen. Die Widerrufsfrist betr\u00e4gt 14 Tage ab dem Tag an dem Sie oder ein von Ihnen benannter Dritter, der nicht der Bef\u00f6rderer ist, die Waren in Besitz genommen haben bzw. hat.<\/p><p style=\"text-align: center;\">Um Ihr Widerrufsrecht auszu\u00fcben, m\u00fcssen Sie uns<\/p><p style=\"text-align: center;\">Weingut Hiedler GmbH, Am Rosenh\u00fcgel 2, Tel: 43 2734 2468 , Fax: +43 2734 2468 5 , E-Mail: office@hiedler.at<\/p><p style=\"text-align: center;\">mittels einer eindeutigen Erkl\u00e4rung (z.B. ein mit der Post versandter Brief, Telefax oder E-Mail) \u00fcber Ihren Entschluss, diesen Kaufvertrag zu widerrufen, informieren. Machen Sie von dieser M\u00f6glichkeit Gebrauch, so werden wir Ihnen unverz\u00fcglich (z. B. per E-Mail) eine Best\u00e4tigung \u00fcber den Eingang eines solchen Widerrufs \u00fcbermitteln.<\/p><p style=\"text-align: center;\">Zur Wahrung der Widerrufsfrist reicht es aus, dass Sie die Mitteilung \u00fcber die Aus\u00fcbung des Widerrufsrechts vor Ablauf der Widerrufsfrist absenden.<\/p><h3>\u00a0<\/h3><h3 style=\"text-align: center;\">Folgen des Widerrufs<\/h3><p style=\"text-align: center;\">Wenn Sie diesen Vertrag widerrufen, haben wir Ihnen alle Zahlungen, die wir von Ihnen erhalten haben, einschlie\u00dflich der Lieferkosten (mit Ausnahme der zus\u00e4tzlichen Kosten, die sich daraus ergeben, dass Sie eine andere Art der Lieferung als die von uns angebotene, g\u00fcnstigste Standardlieferung gew\u00e4hlt haben), unverz\u00fcglich und sp\u00e4testens binnen vierzehn Tagen ab dem Tag zur\u00fcckzuzahlen, an dem die Mitteilung \u00fcber Ihren Widerruf dieses Vertrags bei uns eingegangen ist. F\u00fcr diese R\u00fcckzahlung verwenden wir dasselbe Zahlungsmittel, das Sie bei der urspr\u00fcnglichen Transaktion eingesetzt haben, es sei denn, mit Ihnen wurde ausdr\u00fccklich etwas anderes vereinbart; in keinem Fall werden Ihnen wegen dieser R\u00fcckzahlung Entgelte berechnet.<\/p><p style=\"text-align: center;\">Wir k\u00f6nnen die R\u00fcckzahlung verweigern, bis wir die Waren wieder zur\u00fcckerhalten haben oder bis Sie den Nachweis erbracht haben, dass Sie die Waren zur\u00fcckgesandt haben, je nachdem, welches der fr\u00fchere Zeitpunkt ist.<\/p><p style=\"text-align: center;\">Sie haben die Waren unverz\u00fcglich und in jedem Fall sp\u00e4testens binnen vierzehn Tagen ab dem Tag, an dem Sie uns \u00fcber den Widerruf dieses Vertrags unterrichten, an uns \u201eWeingut Hiedler GmbH, Am Rosenh\u00fcgel 13, 3550 Langenlois\u201c zur\u00fcckzusenden oder zu \u00fcbergeben. Die Frist ist gewahrt, wenn Sie die Waren vor Ablauf der Frist von vierzehn Tagen absenden.<\/p><p style=\"text-align: center;\">Sie tragen die unmittelbaren Kosten der R\u00fccksendung der Waren.<\/p><p style=\"text-align: center;\">Sie m\u00fcssen f\u00fcr einen etwaigen Wertverlust der Waren nur aufkommen, wenn dieser Wertverlust auf einen zur Pr\u00fcfung der Beschaffenheit, Eigenschaften und Funktionsweise der Waren nicht notwendigen Umgang mit ihnen zur\u00fcckzuf\u00fchren ist.<\/p><p style=\"text-align: center;\">Das Widerrufsrecht besteht nicht bei den folgenden Vertr\u00e4gen: Vertr\u00e4ge zur Lieferung versiegelter Waren, die aus Gr\u00fcnden des Gesundheitsschutzes oder der Hygiene nicht zur R\u00fcckgabe geeignet sind, wenn ihre Versiegelung nach der Lieferung entfernt wurde.<\/p><h3>\u00a0<\/h3><h3 style=\"text-align: center;\">Jugendschutz<\/h3><p style=\"text-align: center;\">Die Abgabe und die Zustellung von Wein und Spirituosen kann nur an Personen \u00fcber 18 Jahren erfolgen. Zur Einhaltung der gesetzlichen Vorschriften ist das Weingut Hiedler GmbH berechtigt, Ware erst nach Legitimation durch einen amtlichen Lichtbildausweis zu \u00fcbergeben. Im Fall der berechtigten Verweigerung der \u00dcbergabe ist der Kunde zum Ersatz des tats\u00e4chlich entstandenen Schadens verpflichtet (z.B. Kosten der Zustellung). Mit Aufgabe der Bestellung versichert der Kunde, dass dieser bzw. der Empf\u00e4nger der Ware \u00e4lter als 18 Jahre ist.<\/p><h3>\u00a0<\/h3><h3 style=\"text-align: center;\">Datenschutz<\/h3><p style=\"text-align: center;\">Hinweise zum Datenschutz finden Sie hier<\/p><h3>\u00a0<\/h3><h3 style=\"text-align: center;\">Elektronische Kommunikation<\/h3><p style=\"text-align: center;\">Sie stimmen zu, dass die vertragsbezogene Kommunikation in elektronischer Form erfolgen kann.<\/p><h3>\u00a0<\/h3><h3 style=\"text-align: center;\">Bildrechte<\/h3><p style=\"text-align: center;\">Alle Bildrechte liegen bei uns bzw. bei unseren Partnern. Eine auch nur auszugsweise Verwendung von Bildern ist ohne unsere ausdr\u00fcckliche Zustimmung nicht gestattet.<\/p><h3>\u00a0<\/h3><h3 style=\"text-align: center;\">Vertragssprache<\/h3><p style=\"text-align: center;\">Die Vertrags-, Bestell- und Gesch\u00e4ftssprache ist deutsch.<\/p><h3>\u00a0<\/h3><h3 style=\"text-align: center;\">Erf\u00fcllungsort<\/h3><p style=\"text-align: center;\">Erf\u00fcllungsort ist Sitz der Weingut Hiedler GmbH.<\/p><h3>\u00a0<\/h3><h3 style=\"text-align: center;\">Schlussbestimmungen<\/h3><p style=\"text-align: center;\">F\u00fcr s\u00e4mtliche Rechtsgesch\u00e4fte wird die Anwendung des \u00f6sterreichischen Rechts vereinbart.<\/p><\/div><\/div><\/div><\/div><\/div><\/div><\/div>","protected":false},"excerpt":{"rendered":"<p>Ihr Vertragspartner ist dieWeingut Hiedler GmbH Am Rosenh\u00fcgel 13 3550 Langenlois\u00a0GeltungDiese Allgemeinen Gesch\u00e4ftsbedingungen (\u201eAGB\u201c) gelten f\u00fcr die Bestellung &amp; Lieferung von Waren aus dem in unserem Onlineshop angebotenen Warensortiment.\u00a0VertragsschlussDurch Klicken auf den Button \u201eBESTELLEN\u201c geben Sie ein verbindliches Angebot zum Kauf der im Warenkorb befindlichen Waren ab und akzeptieren die Allgemeinen Gesch\u00e4ftsbedingungen. Unsere daraufhin versendeten [&hellip;]<\/p>\n","protected":false},"author":1,"featured_media":0,"parent":0,"menu_order":17,"comment_status":"closed","ping_status":"closed","template":"","meta":{"_monsterinsights_skip_tracking":false,"_monsterinsights_sitenote_active":false,"_monsterinsights_sitenote_note":"","_monsterinsights_sitenote_category":0,"footnotes":""},"class_list":["post-135","page","type-page","status-publish","hentry"],"_links":{"self":[{"href":"https:\/\/hiedler.at\/en\/wp-json\/wp\/v2\/pages\/135","targetHints":{"allow":["GET"]}}],"collection":[{"href":"https:\/\/hiedler.at\/en\/wp-json\/wp\/v2\/pages"}],"about":[{"href":"https:\/\/hiedler.at\/en\/wp-json\/wp\/v2\/types\/page"}],"author":[{"embeddable":true,"href":"https:\/\/hiedler.at\/en\/wp-json\/wp\/v2\/users\/1"}],"replies":[{"embeddable":true,"href":"https:\/\/hiedler.at\/en\/wp-json\/wp\/v2\/comments?post=135"}],"version-history":[{"count":8,"href":"https:\/\/hiedler.at\/en\/wp-json\/wp\/v2\/pages\/135\/revisions"}],"predecessor-version":[{"id":1026,"href":"https:\/\/hiedler.at\/en\/wp-json\/wp\/v2\/pages\/135\/revisions\/1026"}],"wp:attachment":[{"href":"https:\/\/hiedler.at\/en\/wp-json\/wp\/v2\/media?parent=135"}],"curies":[{"name":"wp","href":"https:\/\/api.w.org\/{rel}","templated":true}]}}